{"id":81,"date":"2025-07-18T01:21:27","date_gmt":"2025-07-18T01:21:27","guid":{"rendered":"https:\/\/www.andreinformatique17.fr\/?page_id=81"},"modified":"2025-07-22T20:05:39","modified_gmt":"2025-07-22T20:05:39","slug":"accueil","status":"publish","type":"page","link":"https:\/\/www.andreinformatique17.fr\/","title":{"rendered":"Accueil"},"content":{"rendered":"\n<h2 class=\"wp-block-heading visually-hidden has-ast-global-color-6-color has-text-color has-link-color has-small-font-size wp-elements-a324d9beee1b0428ffc29d3eb866d19d\">Accueil<\/h2>\n\n\n\n<div class=\"wp-block-group is-nowrap is-layout-flex wp-container-core-group-is-layout-6c531013 wp-block-group-is-layout-flex\">\n<p class=\"has-text-align-center has-ast-global-color-4-color has-text-color has-background has-link-color has-medium-font-size wp-elements-59943730e467581501ceb774d8e8bb79\" style=\"border-radius:33px;background:linear-gradient(90deg,rgba(252,185,0,1) 0%,rgba(255,105,0,1) 100%);padding-right:var(--wp--preset--spacing--40);padding-left:var(--wp--preset--spacing--40)\"><strong>Assistance informatique \u00e0 domicile \u00e0 Saujon et ses alentours<\/strong> \u2013 Vous avez un souci avec votre ordinateur, votre imprimante ou un autre appareil num\u00e9rique ? Je me d\u00e9place chez vous rapidement pour vous d\u00e9panner, vous installer du mat\u00e9riel ou simplement vous accompagner dans l\u2019usage de vos outils informatiques.<\/p>\n<\/div>\n\n\n\n<figure class=\"wp-block-image size-large is-resized visually-hidden\"><img loading=\"lazy\" decoding=\"async\" width=\"976\" height=\"1024\" src=\"http:\/\/www.andreinformatique17.fr\/wp-content\/uploads\/2025\/07\/logo-976x1024.png\" alt=\"Assistance et d\u00e9pannage informatique Saujon, M\u00e9dis Royan, Saint-Romain-de-Benet, Corme Royal, le Gua\" class=\"wp-image-10\" style=\"width:141px;height:auto\" srcset=\"https:\/\/www.andreinformatique17.fr\/wp-content\/uploads\/2025\/07\/logo-976x1024.png 976w, https:\/\/www.andreinformatique17.fr\/wp-content\/uploads\/2025\/07\/logo-286x300.png 286w, https:\/\/www.andreinformatique17.fr\/wp-content\/uploads\/2025\/07\/logo-768x806.png 768w, https:\/\/www.andreinformatique17.fr\/wp-content\/uploads\/2025\/07\/logo.png 1465w\" sizes=\"auto, (max-width: 976px) 100vw, 976px\" \/><\/figure>\n\n\n\n<p class=\"has-text-align-center has-luminous-vivid-amber-color has-text-color has-link-color wp-elements-5bf14110278f0d4727522a1f4ccfa9b5\" style=\"border-style:none;border-width:0px;border-radius:18px;font-size:30px;line-height:2.1\"><br>Par t\u00e9l\u00e9phone \/ SMS :  <strong>06.17.50.51.10<\/strong> <br>Par mail : <strong>andre.informatique17@gmail.com<\/strong> <br>Via le <a href=\"https:\/\/www.andreinformatique17.fr\/index.php\/contact\/\">formulaire de contact<\/a> sur ce site<\/p>\n\n\n\n<div class=\"wp-block-group is-horizontal is-content-justification-space-between is-nowrap is-layout-flex wp-container-core-group-is-layout-8889f314 wp-block-group-is-layout-flex\">\n<p class=\"has-text-align-center has-ast-global-color-4-color has-luminous-vivid-amber-to-luminous-vivid-orange-gradient-background has-text-color has-background has-link-color has-medium-font-size wp-elements-8f24767979ecfc55ac192b58ff116948 wp-container-content-9cfa9a5a\" style=\"border-style:none;border-width:0px;border-radius:22px;margin-right:var(--wp--preset--spacing--70);margin-left:var(--wp--preset--spacing--70);padding-right:0;padding-left:0\"><strong>Tarifs<\/strong><br>Premi\u00e8re heure d&#8217;intervention : 40\u20ac<br>Demi-heure suppl\u00e9mentaire : 20\u20ac<br>Le d\u00e9placement est offert<\/p>\n\n\n\n<figure class=\"wp-block-image size-full is-resized has-custom-border is-style-rounded wp-duotone-unset-1\" style=\"margin-right:0;margin-left:0\"><img loading=\"lazy\" decoding=\"async\" width=\"363\" height=\"355\" src=\"https:\/\/www.andreinformatique17.fr\/wp-content\/uploads\/2025\/07\/Capture-decran-2025-07-18-213718.png\" alt=\"Assistance et d\u00e9pannage informatique Saujon, M\u00e9dis Royan, Saint-Romain-de-Benet, Corme Royal, le Gua\" class=\"has-border-color has-luminous-vivid-amber-border-color wp-image-107\" style=\"border-width:13px;width:371px;height:auto\" srcset=\"https:\/\/www.andreinformatique17.fr\/wp-content\/uploads\/2025\/07\/Capture-decran-2025-07-18-213718.png 363w, https:\/\/www.andreinformatique17.fr\/wp-content\/uploads\/2025\/07\/Capture-decran-2025-07-18-213718-300x293.png 300w\" sizes=\"auto, (max-width: 363px) 100vw, 363px\" \/><\/figure>\n<\/div>\n","protected":false},"excerpt":{"rendered":"<p>Accueil Assistance informatique \u00e0 domicile \u00e0 Saujon et ses alentours \u2013 Vous avez un souci avec votre ordinateur, votre imprimante [&hellip;]<\/p>\n","protected":false},"author":1,"featured_media":0,"parent":0,"menu_order":0,"comment_status":"closed","ping_status":"closed","template":"","meta":{"site-sidebar-layout":"default","site-content-layout":"","ast-site-content-layout":"default","site-content-style":"default","site-sidebar-style":"default","ast-global-header-display":"","ast-banner-title-visibility":"","ast-main-header-display":"","ast-hfb-above-header-display":"","ast-hfb-below-header-display":"","ast-hfb-mobile-header-display":"","site-post-title":"","ast-breadcrumbs-content":"","ast-featured-img":"","footer-sml-layout":"","theme-transparent-header-meta":"","adv-header-id-meta":"","stick-header-meta":"","header-above-stick-meta":"","header-main-stick-meta":"","header-below-stick-meta":"","astra-migrate-meta-layouts":"default","ast-page-background-enabled":"default","ast-page-background-meta":{"desktop":{"background-color":"var(--ast-global-color-5)","background-image":"","background-repeat":"repeat","background-position":"center center","background-size":"auto","background-attachment":"scroll","background-type":"","background-media":"","overlay-type":"","overlay-color":"","overlay-opacity":"","overlay-gradient":""},"tablet":{"background-color":"","background-image":"","background-repeat":"repeat","background-position":"center center","background-size":"auto","background-attachment":"scroll","background-type":"","background-media":"","overlay-type":"","overlay-color":"","overlay-opacity":"","overlay-gradient":""},"mobile":{"background-color":"","background-image":"","background-repeat":"repeat","background-position":"center center","background-size":"auto","background-attachment":"scroll","background-type":"","background-media":"","overlay-type":"","overlay-color":"","overlay-opacity":"","overlay-gradient":""}},"ast-content-background-meta":{"desktop":{"background-color":"var(--ast-global-color-4)","background-image":"","background-repeat":"repeat","background-position":"center center","background-size":"auto","background-attachment":"scroll","background-type":"","background-media":"","overlay-type":"","overlay-color":"","overlay-opacity":"","overlay-gradient":""},"tablet":{"background-color":"var(--ast-global-color-4)","background-image":"","background-repeat":"repeat","background-position":"center center","background-size":"auto","background-attachment":"scroll","background-type":"","background-media":"","overlay-type":"","overlay-color":"","overlay-opacity":"","overlay-gradient":""},"mobile":{"background-color":"var(--ast-global-color-4)","background-image":"","background-repeat":"repeat","background-position":"center center","background-size":"auto","background-attachment":"scroll","background-type":"","background-media":"","overlay-type":"","overlay-color":"","overlay-opacity":"","overlay-gradient":""}},"footnotes":""},"class_list":["post-81","page","type-page","status-publish","hentry"],"yoast_head":"<!-- This site is optimized with the Yoast SEO plugin v27.5 - https:\/\/yoast.com\/product\/yoast-seo-wordpress\/ -->\n<title>Assistance et D\u00e9pannage informatique | Andr\u00e9 Informatique 17<\/title>\n<meta name=\"description\" content=\"Assistance et d\u00e9pannage informatique \u00e0 domicile \u00e0 Saujon et alentours (17). Services rapides et personnalis\u00e9s pour particuliers.\" \/>\n<meta name=\"robots\" content=\"index, follow, max-snippet:-1, max-image-preview:large, max-video-preview:-1\" \/>\n<link rel=\"canonical\" href=\"https:\/\/www.andreinformatique17.fr\/\" \/>\n<meta property=\"og:locale\" content=\"fr_FR\" \/>\n<meta property=\"og:type\" content=\"article\" \/>\n<meta property=\"og:title\" content=\"Assistance et D\u00e9pannage informatique | Andr\u00e9 Informatique 17\" \/>\n<meta property=\"og:description\" content=\"Assistance et d\u00e9pannage informatique \u00e0 domicile \u00e0 Saujon et alentours (17). Services rapides et personnalis\u00e9s pour particuliers.\" \/>\n<meta property=\"og:url\" content=\"https:\/\/www.andreinformatique17.fr\/\" \/>\n<meta property=\"og:site_name\" content=\"Andr\u00e9 Informatique 17\" \/>\n<meta property=\"article:publisher\" content=\"https:\/\/www.facebook.com\/Andre.Informatique\" \/>\n<meta property=\"article:modified_time\" content=\"2025-07-22T20:05:39+00:00\" \/>\n<meta property=\"og:image\" content=\"http:\/\/www.andreinformatique17.fr\/wp-content\/uploads\/2025\/07\/logo-976x1024.png\" \/>\n<meta name=\"twitter:card\" content=\"summary_large_image\" \/>\n<meta name=\"twitter:label1\" content=\"Dur\u00e9e de lecture estim\u00e9e\" \/>\n\t<meta name=\"twitter:data1\" content=\"1 minute\" \/>\n<!-- \/ Yoast SEO plugin. -->","yoast_head_json":{"title":"Assistance et D\u00e9pannage informatique | Andr\u00e9 Informatique 17","description":"Assistance et d\u00e9pannage informatique \u00e0 domicile \u00e0 Saujon et alentours (17). Services rapides et personnalis\u00e9s pour particuliers.","robots":{"index":"index","follow":"follow","max-snippet":"max-snippet:-1","max-image-preview":"max-image-preview:large","max-video-preview":"max-video-preview:-1"},"canonical":"https:\/\/www.andreinformatique17.fr\/","og_locale":"fr_FR","og_type":"article","og_title":"Assistance et D\u00e9pannage informatique | Andr\u00e9 Informatique 17","og_description":"Assistance et d\u00e9pannage informatique \u00e0 domicile \u00e0 Saujon et alentours (17). Services rapides et personnalis\u00e9s pour particuliers.","og_url":"https:\/\/www.andreinformatique17.fr\/","og_site_name":"Andr\u00e9 Informatique 17","article_publisher":"https:\/\/www.facebook.com\/Andre.Informatique","article_modified_time":"2025-07-22T20:05:39+00:00","og_image":[{"url":"http:\/\/www.andreinformatique17.fr\/wp-content\/uploads\/2025\/07\/logo-976x1024.png","type":"","width":"","height":""}],"twitter_card":"summary_large_image","twitter_misc":{"Dur\u00e9e de lecture estim\u00e9e":"1 minute"},"schema":{"@context":"https:\/\/schema.org","@graph":[{"@type":"WebPage","@id":"https:\/\/www.andreinformatique17.fr\/","url":"https:\/\/www.andreinformatique17.fr\/","name":"Assistance et D\u00e9pannage informatique | Andr\u00e9 Informatique 17","isPartOf":{"@id":"https:\/\/www.andreinformatique17.fr\/#website"},"primaryImageOfPage":{"@id":"https:\/\/www.andreinformatique17.fr\/#primaryimage"},"image":{"@id":"https:\/\/www.andreinformatique17.fr\/#primaryimage"},"thumbnailUrl":"http:\/\/www.andreinformatique17.fr\/wp-content\/uploads\/2025\/07\/logo-976x1024.png","datePublished":"2025-07-18T01:21:27+00:00","dateModified":"2025-07-22T20:05:39+00:00","description":"Assistance et d\u00e9pannage informatique \u00e0 domicile \u00e0 Saujon et alentours (17). Services rapides et personnalis\u00e9s pour particuliers.","breadcrumb":{"@id":"https:\/\/www.andreinformatique17.fr\/#breadcrumb"},"inLanguage":"fr-FR","potentialAction":[{"@type":"ReadAction","target":["https:\/\/www.andreinformatique17.fr\/"]}]},{"@type":"ImageObject","inLanguage":"fr-FR","@id":"https:\/\/www.andreinformatique17.fr\/#primaryimage","url":"https:\/\/www.andreinformatique17.fr\/wp-content\/uploads\/2025\/07\/logo.png","contentUrl":"https:\/\/www.andreinformatique17.fr\/wp-content\/uploads\/2025\/07\/logo.png","width":1465,"height":1537},{"@type":"BreadcrumbList","@id":"https:\/\/www.andreinformatique17.fr\/#breadcrumb","itemListElement":[{"@type":"ListItem","position":1,"name":"Accueil","item":"https:\/\/www.andreinformatique17.fr\/"},{"@type":"ListItem","position":2,"name":"Accueil"}]},{"@type":"WebSite","@id":"https:\/\/www.andreinformatique17.fr\/#website","url":"https:\/\/www.andreinformatique17.fr\/","name":"Andr\u00e9 Informatique 17","description":"Assistance et d\u00e9pannage informatique \u00e0 domicile","publisher":{"@id":"https:\/\/www.andreinformatique17.fr\/#organization"},"potentialAction":[{"@type":"SearchAction","target":{"@type":"EntryPoint","urlTemplate":"https:\/\/www.andreinformatique17.fr\/?s={search_term_string}"},"query-input":{"@type":"PropertyValueSpecification","valueRequired":true,"valueName":"search_term_string"}}],"inLanguage":"fr-FR"},{"@type":"Organization","@id":"https:\/\/www.andreinformatique17.fr\/#organization","name":"Andr\u00e9 Informatique 17","url":"https:\/\/www.andreinformatique17.fr\/","logo":{"@type":"ImageObject","inLanguage":"fr-FR","@id":"https:\/\/www.andreinformatique17.fr\/#\/schema\/logo\/image\/","url":"http:\/\/www.andreinformatique17.fr\/wp-content\/uploads\/2025\/07\/logo.png","contentUrl":"http:\/\/www.andreinformatique17.fr\/wp-content\/uploads\/2025\/07\/logo.png","width":1465,"height":1537,"caption":"Andr\u00e9 Informatique 17"},"image":{"@id":"https:\/\/www.andreinformatique17.fr\/#\/schema\/logo\/image\/"},"sameAs":["https:\/\/www.facebook.com\/Andre.Informatique"]}]}},"_links":{"self":[{"href":"https:\/\/www.andreinformatique17.fr\/index.php\/wp-json\/wp\/v2\/pages\/81","targetHints":{"allow":["GET"]}}],"collection":[{"href":"https:\/\/www.andreinformatique17.fr\/index.php\/wp-json\/wp\/v2\/pages"}],"about":[{"href":"https:\/\/www.andreinformatique17.fr\/index.php\/wp-json\/wp\/v2\/types\/page"}],"author":[{"embeddable":true,"href":"https:\/\/www.andreinformatique17.fr\/index.php\/wp-json\/wp\/v2\/users\/1"}],"replies":[{"embeddable":true,"href":"https:\/\/www.andreinformatique17.fr\/index.php\/wp-json\/wp\/v2\/comments?post=81"}],"version-history":[{"count":38,"href":"https:\/\/www.andreinformatique17.fr\/index.php\/wp-json\/wp\/v2\/pages\/81\/revisions"}],"predecessor-version":[{"id":214,"href":"https:\/\/www.andreinformatique17.fr\/index.php\/wp-json\/wp\/v2\/pages\/81\/revisions\/214"}],"wp:attachment":[{"href":"https:\/\/www.andreinformatique17.fr\/index.php\/wp-json\/wp\/v2\/media?parent=81"}],"curies":[{"name":"wp","href":"https:\/\/api.w.org\/{rel}","templated":true}]}}