{"id":77,"date":"2025-07-18T01:20:11","date_gmt":"2025-07-18T01:20:11","guid":{"rendered":"https:\/\/www.andreinformatique17.fr\/?page_id=77"},"modified":"2025-07-22T21:27:21","modified_gmt":"2025-07-22T21:27:21","slug":"contact","status":"publish","type":"page","link":"https:\/\/www.andreinformatique17.fr\/index.php\/contact\/","title":{"rendered":"Contact"},"content":{"rendered":"\n<h2 class=\"wp-block-heading visually-hidden has-ast-global-color-6-color has-text-color has-link-color has-small-font-size wp-elements-4465d36d6c17e7ffd41d89f416423375\">Contact<\/h2>\n\n\n\n<p class=\"has-ast-global-color-4-color has-text-color has-background has-link-color has-medium-font-size wp-elements-1e01283696ed73fc02775ca99ed10724\" style=\"border-style:none;border-width:0px;border-radius:26px;background:linear-gradient(22deg,rgba(252,185,0,1) 0%,rgba(255,105,0,1) 100%)\">\ud83d\udcec <strong>Vous avez une question, besoin d&#8217;un d\u00e9pannage ou envie de prendre rendez-vous ?<\/strong><br>Remplissez simplement le formulaire ci-dessous. N\u2019h\u00e9sitez pas \u00e0 <strong>laisser votre adresse et votre num\u00e9ro de t\u00e9l\u00e9phone dans le message<\/strong>, je vous r\u00e9pondrai au plus vite.<br>Vous pouvez aussi me joindre directement par t\u00e9l\u00e9phone ou email.<\/p>\n\n\n\n<div class=\"wpcf7 no-js\" id=\"wpcf7-f216-o1\" lang=\"fr-FR\" dir=\"ltr\" data-wpcf7-id=\"216\">\n<div class=\"screen-reader-response\"><p role=\"status\" aria-live=\"polite\" aria-atomic=\"true\"><\/p> <ul><\/ul><\/div>\n<form action=\"\/index.php\/wp-json\/wp\/v2\/pages\/77#wpcf7-f216-o1\" method=\"post\" class=\"wpcf7-form init\" aria-label=\"Formulaire de contact\" novalidate=\"novalidate\" data-status=\"init\">\n<fieldset class=\"hidden-fields-container\"><input type=\"hidden\" name=\"_wpcf7\" value=\"216\" \/><input type=\"hidden\" name=\"_wpcf7_version\" value=\"6.1.5\" \/><input type=\"hidden\" name=\"_wpcf7_locale\" value=\"fr_FR\" \/><input type=\"hidden\" name=\"_wpcf7_unit_tag\" value=\"wpcf7-f216-o1\" \/><input type=\"hidden\" name=\"_wpcf7_container_post\" value=\"0\" \/><input type=\"hidden\" name=\"_wpcf7_posted_data_hash\" value=\"\" \/>\n<\/fieldset>\n<p><label> Votre nom<br \/>\n<span class=\"wpcf7-form-control-wrap\" data-name=\"your-name\"><input size=\"40\" maxlength=\"400\" class=\"wpcf7-form-control wpcf7-text wpcf7-validates-as-required\" autocomplete=\"name\" aria-required=\"true\" aria-invalid=\"false\" value=\"\" type=\"text\" name=\"your-name\" \/><\/span> <\/label>\n<\/p>\n<p><label> Votre e-mail<br \/>\n<span class=\"wpcf7-form-control-wrap\" data-name=\"your-email\"><input size=\"40\" maxlength=\"400\" class=\"wpcf7-form-control wpcf7-email wpcf7-validates-as-required wpcf7-text wpcf7-validates-as-email\" autocomplete=\"email\" aria-required=\"true\" aria-invalid=\"false\" value=\"\" type=\"email\" name=\"your-email\" \/><\/span> <\/label>\n<\/p>\n<p><label>T\u00e9l\u00e9phone<\/label><br \/>\n<span class=\"wpcf7-form-control-wrap\" data-name=\"your-phone\"><input size=\"40\" maxlength=\"400\" class=\"wpcf7-form-control wpcf7-tel wpcf7-text wpcf7-validates-as-tel\" aria-invalid=\"false\" value=\"\" type=\"tel\" name=\"your-phone\" \/><\/span>\n<\/p>\n<p><label> Votre message (facultatif)<br \/>\n<span class=\"wpcf7-form-control-wrap\" data-name=\"your-message\"><textarea cols=\"40\" rows=\"10\" maxlength=\"2000\" class=\"wpcf7-form-control wpcf7-textarea\" aria-invalid=\"false\" name=\"your-message\"><\/textarea><\/span> <\/label>\n<\/p>\n<p><span id=\"wpcf7-69f54d64e8cb6-wrapper\" class=\"wpcf7-form-control-wrap honeypot-123-wrap\" style=\"display:none !important; visibility:hidden !important;\"><label for=\"wpcf7-69f54d64e8cb6-field\" class=\"hp-message\">Veuillez laisser ce champ vide.<\/label><input id=\"wpcf7-69f54d64e8cb6-field\"  class=\"wpcf7-form-control wpcf7-text\" type=\"text\" name=\"honeypot-123\" value=\"\" size=\"40\" tabindex=\"-1\" autocomplete=\"new-password\" \/><\/span>\n<\/p>\n<p><input class=\"wpcf7-form-control wpcf7-submit has-spinner\" type=\"submit\" value=\"Envoyer\" \/>\n<\/p><div class=\"wpcf7-response-output\" aria-hidden=\"true\"><\/div>\n<\/form>\n<\/div>\n\n\n\n\n<h3 class=\"wp-block-heading\">\ud83d\udd52 <strong>Horaires d\u2019intervention<\/strong><\/h3>\n\n\n\n<p class=\"bloc-horaires has-ast-global-color-4-color has-text-color has-background has-link-color wp-elements-abc5d2e76c5e331c4b2cfa469c2379d8\" style=\"border-radius:20px;background:linear-gradient(16deg,rgba(252,185,0,1) 0%,rgba(255,105,0,1) 100%)\">\ud83d\udcc5 <strong>Lundi au Vendredi<\/strong> : 14h30 \u2013 18h30<br>\u274c <strong>Samedi &amp; Dimanche<\/strong> : Ferm\u00e9<\/p>\n\n\n\n<p><\/p>\n","protected":false},"excerpt":{"rendered":"<p>Contact \ud83d\udcec Vous avez une question, besoin d&#8217;un d\u00e9pannage ou envie de prendre rendez-vous ?Remplissez simplement le formulaire ci-dessous. N\u2019h\u00e9sitez [&hellip;]<\/p>\n","protected":false},"author":1,"featured_media":0,"parent":0,"menu_order":0,"comment_status":"closed","ping_status":"closed","template":"","meta":{"site-sidebar-layout":"default","site-content-layout":"","ast-site-content-layout":"default","site-content-style":"default","site-sidebar-style":"default","ast-global-header-display":"","ast-banner-title-visibility":"","ast-main-header-display":"","ast-hfb-above-header-display":"","ast-hfb-below-header-display":"","ast-hfb-mobile-header-display":"","site-post-title":"","ast-breadcrumbs-content":"","ast-featured-img":"","footer-sml-layout":"","theme-transparent-header-meta":"","adv-header-id-meta":"","stick-header-meta":"","header-above-stick-meta":"","header-main-stick-meta":"","header-below-stick-meta":"","astra-migrate-meta-layouts":"default","ast-page-background-enabled":"default","ast-page-background-meta":{"desktop":{"background-color":"var(--ast-global-color-5)","background-image":"","background-repeat":"repeat","background-position":"center center","background-size":"auto","background-attachment":"scroll","background-type":"","background-media":"","overlay-type":"","overlay-color":"","overlay-opacity":"","overlay-gradient":""},"tablet":{"background-color":"","background-image":"","background-repeat":"repeat","background-position":"center center","background-size":"auto","background-attachment":"scroll","background-type":"","background-media":"","overlay-type":"","overlay-color":"","overlay-opacity":"","overlay-gradient":""},"mobile":{"background-color":"","background-image":"","background-repeat":"repeat","background-position":"center center","background-size":"auto","background-attachment":"scroll","background-type":"","background-media":"","overlay-type":"","overlay-color":"","overlay-opacity":"","overlay-gradient":""}},"ast-content-background-meta":{"desktop":{"background-color":"var(--ast-global-color-4)","background-image":"","background-repeat":"repeat","background-position":"center center","background-size":"auto","background-attachment":"scroll","background-type":"","background-media":"","overlay-type":"","overlay-color":"","overlay-opacity":"","overlay-gradient":""},"tablet":{"background-color":"var(--ast-global-color-4)","background-image":"","background-repeat":"repeat","background-position":"center center","background-size":"auto","background-attachment":"scroll","background-type":"","background-media":"","overlay-type":"","overlay-color":"","overlay-opacity":"","overlay-gradient":""},"mobile":{"background-color":"var(--ast-global-color-4)","background-image":"","background-repeat":"repeat","background-position":"center center","background-size":"auto","background-attachment":"scroll","background-type":"","background-media":"","overlay-type":"","overlay-color":"","overlay-opacity":"","overlay-gradient":""}},"footnotes":""},"class_list":["post-77","page","type-page","status-publish","hentry"],"yoast_head":"<!-- This site is optimized with the Yoast SEO plugin v27.5 - https:\/\/yoast.com\/product\/yoast-seo-wordpress\/ -->\n<title>Contact - Andr\u00e9 Informatique 17<\/title>\n<meta name=\"robots\" content=\"index, follow, max-snippet:-1, max-image-preview:large, max-video-preview:-1\" \/>\n<link rel=\"canonical\" href=\"https:\/\/www.andreinformatique17.fr\/index.php\/contact\/\" \/>\n<meta property=\"og:locale\" content=\"fr_FR\" \/>\n<meta property=\"og:type\" content=\"article\" \/>\n<meta property=\"og:title\" content=\"Contact - Andr\u00e9 Informatique 17\" \/>\n<meta property=\"og:description\" content=\"Contact \ud83d\udcec Vous avez une question, besoin d&#8217;un d\u00e9pannage ou envie de prendre rendez-vous ?Remplissez simplement le formulaire ci-dessous. N\u2019h\u00e9sitez [&hellip;]\" \/>\n<meta property=\"og:url\" content=\"https:\/\/www.andreinformatique17.fr\/index.php\/contact\/\" \/>\n<meta property=\"og:site_name\" content=\"Andr\u00e9 Informatique 17\" \/>\n<meta property=\"article:publisher\" content=\"https:\/\/www.facebook.com\/Andre.Informatique\" \/>\n<meta property=\"article:modified_time\" content=\"2025-07-22T21:27:21+00:00\" \/>\n<meta name=\"twitter:card\" content=\"summary_large_image\" \/>\n<meta name=\"twitter:label1\" content=\"Dur\u00e9e de lecture estim\u00e9e\" \/>\n\t<meta name=\"twitter:data1\" content=\"1 minute\" \/>\n<!-- \/ Yoast SEO plugin. -->","yoast_head_json":{"title":"Contact - Andr\u00e9 Informatique 17","robots":{"index":"index","follow":"follow","max-snippet":"max-snippet:-1","max-image-preview":"max-image-preview:large","max-video-preview":"max-video-preview:-1"},"canonical":"https:\/\/www.andreinformatique17.fr\/index.php\/contact\/","og_locale":"fr_FR","og_type":"article","og_title":"Contact - Andr\u00e9 Informatique 17","og_description":"Contact \ud83d\udcec Vous avez une question, besoin d&#8217;un d\u00e9pannage ou envie de prendre rendez-vous ?Remplissez simplement le formulaire ci-dessous. N\u2019h\u00e9sitez [&hellip;]","og_url":"https:\/\/www.andreinformatique17.fr\/index.php\/contact\/","og_site_name":"Andr\u00e9 Informatique 17","article_publisher":"https:\/\/www.facebook.com\/Andre.Informatique","article_modified_time":"2025-07-22T21:27:21+00:00","twitter_card":"summary_large_image","twitter_misc":{"Dur\u00e9e de lecture estim\u00e9e":"1 minute"},"schema":{"@context":"https:\/\/schema.org","@graph":[{"@type":"WebPage","@id":"https:\/\/www.andreinformatique17.fr\/index.php\/contact\/","url":"https:\/\/www.andreinformatique17.fr\/index.php\/contact\/","name":"Contact - Andr\u00e9 Informatique 17","isPartOf":{"@id":"https:\/\/www.andreinformatique17.fr\/#website"},"datePublished":"2025-07-18T01:20:11+00:00","dateModified":"2025-07-22T21:27:21+00:00","breadcrumb":{"@id":"https:\/\/www.andreinformatique17.fr\/index.php\/contact\/#breadcrumb"},"inLanguage":"fr-FR","potentialAction":[{"@type":"ReadAction","target":["https:\/\/www.andreinformatique17.fr\/index.php\/contact\/"]}]},{"@type":"BreadcrumbList","@id":"https:\/\/www.andreinformatique17.fr\/index.php\/contact\/#breadcrumb","itemListElement":[{"@type":"ListItem","position":1,"name":"Accueil","item":"https:\/\/www.andreinformatique17.fr\/"},{"@type":"ListItem","position":2,"name":"Contact"}]},{"@type":"WebSite","@id":"https:\/\/www.andreinformatique17.fr\/#website","url":"https:\/\/www.andreinformatique17.fr\/","name":"Andr\u00e9 Informatique 17","description":"Assistance et d\u00e9pannage informatique \u00e0 domicile","publisher":{"@id":"https:\/\/www.andreinformatique17.fr\/#organization"},"potentialAction":[{"@type":"SearchAction","target":{"@type":"EntryPoint","urlTemplate":"https:\/\/www.andreinformatique17.fr\/?s={search_term_string}"},"query-input":{"@type":"PropertyValueSpecification","valueRequired":true,"valueName":"search_term_string"}}],"inLanguage":"fr-FR"},{"@type":"Organization","@id":"https:\/\/www.andreinformatique17.fr\/#organization","name":"Andr\u00e9 Informatique 17","url":"https:\/\/www.andreinformatique17.fr\/","logo":{"@type":"ImageObject","inLanguage":"fr-FR","@id":"https:\/\/www.andreinformatique17.fr\/#\/schema\/logo\/image\/","url":"http:\/\/www.andreinformatique17.fr\/wp-content\/uploads\/2025\/07\/logo.png","contentUrl":"http:\/\/www.andreinformatique17.fr\/wp-content\/uploads\/2025\/07\/logo.png","width":1465,"height":1537,"caption":"Andr\u00e9 Informatique 17"},"image":{"@id":"https:\/\/www.andreinformatique17.fr\/#\/schema\/logo\/image\/"},"sameAs":["https:\/\/www.facebook.com\/Andre.Informatique"]}]}},"_links":{"self":[{"href":"https:\/\/www.andreinformatique17.fr\/index.php\/wp-json\/wp\/v2\/pages\/77","targetHints":{"allow":["GET"]}}],"collection":[{"href":"https:\/\/www.andreinformatique17.fr\/index.php\/wp-json\/wp\/v2\/pages"}],"about":[{"href":"https:\/\/www.andreinformatique17.fr\/index.php\/wp-json\/wp\/v2\/types\/page"}],"author":[{"embeddable":true,"href":"https:\/\/www.andreinformatique17.fr\/index.php\/wp-json\/wp\/v2\/users\/1"}],"replies":[{"embeddable":true,"href":"https:\/\/www.andreinformatique17.fr\/index.php\/wp-json\/wp\/v2\/comments?post=77"}],"version-history":[{"count":12,"href":"https:\/\/www.andreinformatique17.fr\/index.php\/wp-json\/wp\/v2\/pages\/77\/revisions"}],"predecessor-version":[{"id":218,"href":"https:\/\/www.andreinformatique17.fr\/index.php\/wp-json\/wp\/v2\/pages\/77\/revisions\/218"}],"wp:attachment":[{"href":"https:\/\/www.andreinformatique17.fr\/index.php\/wp-json\/wp\/v2\/media?parent=77"}],"curies":[{"name":"wp","href":"https:\/\/api.w.org\/{rel}","templated":true}]}}