{"id":73,"date":"2025-07-18T01:02:16","date_gmt":"2025-07-18T01:02:16","guid":{"rendered":"https:\/\/www.andreinformatique17.fr\/?page_id=73"},"modified":"2025-07-22T17:15:00","modified_gmt":"2025-07-22T17:15:00","slug":"services","status":"publish","type":"page","link":"https:\/\/www.andreinformatique17.fr\/index.php\/services\/","title":{"rendered":"Services"},"content":{"rendered":"\n<h2 class=\"wp-block-heading visually-hidden has-ast-global-color-6-color has-text-color has-link-color has-small-font-size wp-elements-dcf9aa625be6fd57b856ccb4cacf69c3\">Services<\/h2>\n\n\n\n<div class=\"wp-block-group has-ast-global-color-4-color has-text-color has-background has-link-color wp-elements-5e04eebb16c102423495e2814f709641 is-layout-constrained wp-block-group-is-layout-constrained\" style=\"border-radius:58px;background:linear-gradient(144deg,rgba(252,185,0,1) 0%,rgba(255,105,0,1) 100%)\">\n<p><strong>Je vous propose un d\u00e9pannage rapide et efficace, directement chez vous.<\/strong><br>Que ce soit pour une panne d\u2019ordinateur, une installation, une mise \u00e0 jour ou tout autre souci informatique, je suis l\u00e0 pour vous aider.<\/p>\n\n\n\n<ul class=\"wp-block-list\">\n<li><strong>D\u00e9pannage informatique \u00e0 domicile<\/strong><\/li>\n\n\n\n<li>R\u00e9solution rapide de probl\u00e8mes sur PC : plantages, virus, lenteurs, etc.<\/li>\n\n\n\n<li><strong>Installation et configuration<\/strong><\/li>\n\n\n\n<li class=\"has-ast-global-color-4-color has-text-color has-link-color wp-elements-f6737278b91be01d5d1d8a89fb53be48\">Mise en place de mat\u00e9riel neuf : imprimantes, box internet, p\u00e9riph\u00e9riques.<\/li>\n\n\n\n<li><strong>Assistance et conseils<\/strong><\/li>\n\n\n\n<li>Aide \u00e0 l\u2019utilisation de vos logiciels, sauvegarde de donn\u00e9es, optimisation.<\/li>\n\n\n\n<li><strong>Maintenance pr\u00e9ventive<\/strong><\/li>\n\n\n\n<li>Nettoyage, mises \u00e0 jour et optimisation pour \u00e9viter les pannes.<\/li>\n<\/ul>\n\n\n\n<p>N\u2019h\u00e9sitez pas \u00e0 me contacter pour toute demande sp\u00e9cifique ou pour un devis personnalis\u00e9.<\/p>\n<\/div>\n\n\n\n<p><\/p>\n","protected":false},"excerpt":{"rendered":"<p>Services Je vous propose un d\u00e9pannage rapide et efficace, directement chez vous.Que ce soit pour une panne d\u2019ordinateur, une installation, [&hellip;]<\/p>\n","protected":false},"author":1,"featured_media":0,"parent":0,"menu_order":0,"comment_status":"closed","ping_status":"closed","template":"","meta":{"site-sidebar-layout":"default","site-content-layout":"","ast-site-content-layout":"default","site-content-style":"default","site-sidebar-style":"default","ast-global-header-display":"","ast-banner-title-visibility":"","ast-main-header-display":"","ast-hfb-above-header-display":"","ast-hfb-below-header-display":"","ast-hfb-mobile-header-display":"","site-post-title":"","ast-breadcrumbs-content":"","ast-featured-img":"","footer-sml-layout":"","theme-transparent-header-meta":"","adv-header-id-meta":"","stick-header-meta":"","header-above-stick-meta":"","header-main-stick-meta":"","header-below-stick-meta":"","astra-migrate-meta-layouts":"default","ast-page-background-enabled":"default","ast-page-background-meta":{"desktop":{"background-color":"var(--ast-global-color-5)","background-image":"","background-repeat":"repeat","background-position":"center center","background-size":"auto","background-attachment":"scroll","background-type":"","background-media":"","overlay-type":"","overlay-color":"","overlay-opacity":"","overlay-gradient":""},"tablet":{"background-color":"","background-image":"","background-repeat":"repeat","background-position":"center center","background-size":"auto","background-attachment":"scroll","background-type":"","background-media":"","overlay-type":"","overlay-color":"","overlay-opacity":"","overlay-gradient":""},"mobile":{"background-color":"","background-image":"","background-repeat":"repeat","background-position":"center center","background-size":"auto","background-attachment":"scroll","background-type":"","background-media":"","overlay-type":"","overlay-color":"","overlay-opacity":"","overlay-gradient":""}},"ast-content-background-meta":{"desktop":{"background-color":"var(--ast-global-color-4)","background-image":"","background-repeat":"repeat","background-position":"center center","background-size":"auto","background-attachment":"scroll","background-type":"","background-media":"","overlay-type":"","overlay-color":"","overlay-opacity":"","overlay-gradient":""},"tablet":{"background-color":"var(--ast-global-color-4)","background-image":"","background-repeat":"repeat","background-position":"center center","background-size":"auto","background-attachment":"scroll","background-type":"","background-media":"","overlay-type":"","overlay-color":"","overlay-opacity":"","overlay-gradient":""},"mobile":{"background-color":"var(--ast-global-color-4)","background-image":"","background-repeat":"repeat","background-position":"center center","background-size":"auto","background-attachment":"scroll","background-type":"","background-media":"","overlay-type":"","overlay-color":"","overlay-opacity":"","overlay-gradient":""}},"footnotes":""},"class_list":["post-73","page","type-page","status-publish","hentry"],"yoast_head":"<!-- This site is optimized with the Yoast SEO plugin v27.5 - https:\/\/yoast.com\/product\/yoast-seo-wordpress\/ -->\n<title>Services - Andr\u00e9 Informatique 17<\/title>\n<meta name=\"robots\" content=\"index, follow, max-snippet:-1, max-image-preview:large, max-video-preview:-1\" \/>\n<link rel=\"canonical\" href=\"https:\/\/www.andreinformatique17.fr\/index.php\/services\/\" \/>\n<meta property=\"og:locale\" content=\"fr_FR\" \/>\n<meta property=\"og:type\" content=\"article\" \/>\n<meta property=\"og:title\" content=\"Services - Andr\u00e9 Informatique 17\" \/>\n<meta property=\"og:description\" content=\"Services Je vous propose un d\u00e9pannage rapide et efficace, directement chez vous.Que ce soit pour une panne d\u2019ordinateur, une installation, [&hellip;]\" \/>\n<meta property=\"og:url\" content=\"https:\/\/www.andreinformatique17.fr\/index.php\/services\/\" \/>\n<meta property=\"og:site_name\" content=\"Andr\u00e9 Informatique 17\" \/>\n<meta property=\"article:publisher\" content=\"https:\/\/www.facebook.com\/Andre.Informatique\" \/>\n<meta property=\"article:modified_time\" content=\"2025-07-22T17:15:00+00:00\" \/>\n<meta name=\"twitter:card\" content=\"summary_large_image\" \/>\n<meta name=\"twitter:label1\" content=\"Dur\u00e9e de lecture estim\u00e9e\" \/>\n\t<meta name=\"twitter:data1\" content=\"1 minute\" \/>\n<!-- \/ Yoast SEO plugin. -->","yoast_head_json":{"title":"Services - Andr\u00e9 Informatique 17","robots":{"index":"index","follow":"follow","max-snippet":"max-snippet:-1","max-image-preview":"max-image-preview:large","max-video-preview":"max-video-preview:-1"},"canonical":"https:\/\/www.andreinformatique17.fr\/index.php\/services\/","og_locale":"fr_FR","og_type":"article","og_title":"Services - Andr\u00e9 Informatique 17","og_description":"Services Je vous propose un d\u00e9pannage rapide et efficace, directement chez vous.Que ce soit pour une panne d\u2019ordinateur, une installation, [&hellip;]","og_url":"https:\/\/www.andreinformatique17.fr\/index.php\/services\/","og_site_name":"Andr\u00e9 Informatique 17","article_publisher":"https:\/\/www.facebook.com\/Andre.Informatique","article_modified_time":"2025-07-22T17:15:00+00:00","twitter_card":"summary_large_image","twitter_misc":{"Dur\u00e9e de lecture estim\u00e9e":"1 minute"},"schema":{"@context":"https:\/\/schema.org","@graph":[{"@type":"WebPage","@id":"https:\/\/www.andreinformatique17.fr\/index.php\/services\/","url":"https:\/\/www.andreinformatique17.fr\/index.php\/services\/","name":"Services - Andr\u00e9 Informatique 17","isPartOf":{"@id":"https:\/\/www.andreinformatique17.fr\/#website"},"datePublished":"2025-07-18T01:02:16+00:00","dateModified":"2025-07-22T17:15:00+00:00","breadcrumb":{"@id":"https:\/\/www.andreinformatique17.fr\/index.php\/services\/#breadcrumb"},"inLanguage":"fr-FR","potentialAction":[{"@type":"ReadAction","target":["https:\/\/www.andreinformatique17.fr\/index.php\/services\/"]}]},{"@type":"BreadcrumbList","@id":"https:\/\/www.andreinformatique17.fr\/index.php\/services\/#breadcrumb","itemListElement":[{"@type":"ListItem","position":1,"name":"Accueil","item":"https:\/\/www.andreinformatique17.fr\/"},{"@type":"ListItem","position":2,"name":"Services"}]},{"@type":"WebSite","@id":"https:\/\/www.andreinformatique17.fr\/#website","url":"https:\/\/www.andreinformatique17.fr\/","name":"Andr\u00e9 Informatique 17","description":"Assistance et d\u00e9pannage informatique \u00e0 domicile","publisher":{"@id":"https:\/\/www.andreinformatique17.fr\/#organization"},"potentialAction":[{"@type":"SearchAction","target":{"@type":"EntryPoint","urlTemplate":"https:\/\/www.andreinformatique17.fr\/?s={search_term_string}"},"query-input":{"@type":"PropertyValueSpecification","valueRequired":true,"valueName":"search_term_string"}}],"inLanguage":"fr-FR"},{"@type":"Organization","@id":"https:\/\/www.andreinformatique17.fr\/#organization","name":"Andr\u00e9 Informatique 17","url":"https:\/\/www.andreinformatique17.fr\/","logo":{"@type":"ImageObject","inLanguage":"fr-FR","@id":"https:\/\/www.andreinformatique17.fr\/#\/schema\/logo\/image\/","url":"http:\/\/www.andreinformatique17.fr\/wp-content\/uploads\/2025\/07\/logo.png","contentUrl":"http:\/\/www.andreinformatique17.fr\/wp-content\/uploads\/2025\/07\/logo.png","width":1465,"height":1537,"caption":"Andr\u00e9 Informatique 17"},"image":{"@id":"https:\/\/www.andreinformatique17.fr\/#\/schema\/logo\/image\/"},"sameAs":["https:\/\/www.facebook.com\/Andre.Informatique"]}]}},"_links":{"self":[{"href":"https:\/\/www.andreinformatique17.fr\/index.php\/wp-json\/wp\/v2\/pages\/73","targetHints":{"allow":["GET"]}}],"collection":[{"href":"https:\/\/www.andreinformatique17.fr\/index.php\/wp-json\/wp\/v2\/pages"}],"about":[{"href":"https:\/\/www.andreinformatique17.fr\/index.php\/wp-json\/wp\/v2\/types\/page"}],"author":[{"embeddable":true,"href":"https:\/\/www.andreinformatique17.fr\/index.php\/wp-json\/wp\/v2\/users\/1"}],"replies":[{"embeddable":true,"href":"https:\/\/www.andreinformatique17.fr\/index.php\/wp-json\/wp\/v2\/comments?post=73"}],"version-history":[{"count":8,"href":"https:\/\/www.andreinformatique17.fr\/index.php\/wp-json\/wp\/v2\/pages\/73\/revisions"}],"predecessor-version":[{"id":200,"href":"https:\/\/www.andreinformatique17.fr\/index.php\/wp-json\/wp\/v2\/pages\/73\/revisions\/200"}],"wp:attachment":[{"href":"https:\/\/www.andreinformatique17.fr\/index.php\/wp-json\/wp\/v2\/media?parent=73"}],"curies":[{"name":"wp","href":"https:\/\/api.w.org\/{rel}","templated":true}]}}